{"id":87,"date":"2022-03-03T01:22:57","date_gmt":"2022-03-03T00:22:57","guid":{"rendered":"https:\/\/baumannmodulbau.de\/?page_id=87"},"modified":"2025-10-31T16:48:25","modified_gmt":"2025-10-31T15:48:25","slug":"impressum","status":"publish","type":"page","link":"https:\/\/baumannmodulbau.de\/impressum\/","title":{"rendered":"Impressum"},"content":{"rendered":"\n<div style=\"height:100px\" aria-hidden=\"true\" class=\"wp-block-spacer\"><\/div>\n\n\n\n<h1 class=\"wp-block-heading\">Impressum<\/h1>\n\n\n\n<div style=\"height:100px\" aria-hidden=\"true\" class=\"wp-block-spacer is-style-small\"><\/div>\n\n\n\n<div style=\"height:100px\" aria-hidden=\"true\" class=\"wp-block-spacer is-style-small\"><\/div>\n\n\n\n<h2 class=\"wp-block-heading h3\"><strong>Baumann Container Raumsysteme<\/strong><\/h2>\n\n\n\n<p>Ernst-Robert-Curtius-Stra\u00dfe 4<br>D-53117 Bonn<\/p>\n\n\n\n<p>Telefon: 0228 98 98 081<\/p>\n\n\n\n<p>E-Mail: <a href=\"mailto:info@baumanncontainer.de\">info@baumanncontainer.de<\/a><\/p>\n\n\n\n<div style=\"height:100px\" aria-hidden=\"true\" class=\"wp-block-spacer is-style-small\"><\/div>\n\n\n\n<div style=\"height:100px\" aria-hidden=\"true\" class=\"wp-block-spacer is-style-small\"><\/div>\n\n\n\n<p class=\"h3\">Baumann Container Raumsysteme<br>Ein Gesch\u00e4ftsfeld der Baumann Logistik GmbH &amp; Co. KG<\/p>\n\n\n\n<div style=\"height:100px\" aria-hidden=\"true\" class=\"wp-block-spacer is-style-small\"><\/div>\n\n\n\n<p><strong>Angaben gem\u00e4\u00df \u00a7 5 TMG<\/strong><br><strong>Betreiber der Website<\/strong><br>Baumann Logistik GmbH &amp; Co. KG<br>Christian-Lassen-Stra\u00dfe 2<br>D-53117 Bonn<\/p>\n\n\n\n<p><strong>Vertreten durch<\/strong><br>Baumann Logistik GmbH &amp; Co. KG, vertreten durch die pers\u00f6nlich haftende Gesellschafterin, die Werner Baumann Gesch\u00e4ftsf\u00fchrungsges. mbH, diese vertreten durch die Gesch\u00e4ftsf\u00fchrer Helmut Baumann und Horst Baumann.<\/p>\n\n\n\n<p><strong>Kontakt<\/strong><br>Telefon +49 228 98 98 00<br>E-Mail: info@baumannlogistik.de<\/p>\n\n\n\n<p><strong>Registereintrag<\/strong><br>Handelsregister-Nr. Werner Baumann Gesch\u00e4ftsf\u00fchrungsges. mbH: Registergericht Bonn HRB 813<br>Handelsregister-Nr. Baumann Logistik GmbH &amp; Co. KG: Registergericht Bonn HRA 85<\/p>\n\n\n\n<p>Gerichtsstand f\u00fcr beide Teile ist Bonn.<\/p>\n\n\n\n<p><strong>Umsatzsteuer<\/strong><br>Umsatzsteuer-Identifikationsnummer gem\u00e4\u00df \u00a7 27 a Umsatzsteuergesetz:<br>DE 122 118 294<\/p>\n\n\n\n<p><strong>Verantwortlich f\u00fcr den Inhalt nach \u00a7 55 Abs. 2 RStV<\/strong><br>Baumann Logistik GmbH &amp; Co. KG<\/p>\n\n\n\n<p><strong>Streitschlichtung<\/strong><br>Wir sind nicht bereit oder verpflichtet, an Streitbeilegungsverfahren vor einer Verbraucherschlichtungsstelle teilzunehmen.<\/p>\n\n\n\n<p><strong>Haftung f\u00fcr Inhalte<\/strong><br>Als Diensteanbieter sind wir gem\u00e4\u00df \u00a7 7 Abs.1 TMG f\u00fcr eigene Inhalte auf diesen Seiten nach den allgemeinen Gesetzen verantwortlich. Nach \u00a7\u00a7 8 bis 10 TMG sind wir als Diensteanbieter jedoch nicht verpflichtet, \u00fcbermittelte oder gespeicherte fremde Informationen zu \u00fcberwachen oder nach Umst\u00e4nden zu forschen, die auf eine rechtswidrige T\u00e4tigkeit hinweisen.<\/p>\n\n\n\n<p>Verpflichtungen zur Entfernung oder Sperrung der Nutzung von Informationen nach den allgemeinen Gesetzen bleiben hiervon unber\u00fchrt. Eine diesbez\u00fcgliche Haftung ist jedoch erst ab dem Zeitpunkt der Kenntnis einer konkreten Rechtsverletzung m\u00f6glich. Bei Bekanntwerden von entsprechenden Rechtsverletzungen werden wir diese Inhalte umgehend entfernen.<\/p>\n\n\n\n<p><strong>Haftung f\u00fcr Links<\/strong><br>Unser Angebot enth\u00e4lt Links zu externen Websites Dritter, auf deren Inhalte wir keinen Einfluss haben. Deshalb k\u00f6nnen wir f\u00fcr diese fremden Inhalte auch keine Gew\u00e4hr \u00fcbernehmen. F\u00fcr die Inhalte der verlinkten Seiten ist stets der jeweilige Anbieter oder Betreiber der Seiten verantwortlich. Die verlinkten Seiten wurden zum Zeitpunkt der Verlinkung auf m\u00f6gliche Rechtsverst\u00f6\u00dfe \u00fcberpr\u00fcft. Rechtswidrige Inhalte waren zum Zeitpunkt der Verlinkung nicht erkennbar.<\/p>\n\n\n\n<p>Eine permanente inhaltliche Kontrolle der verlinkten Seiten ist jedoch ohne konkrete Anhaltspunkte einer Rechtsverletzung nicht zumutbar. Bei Bekanntwerden von Rechtsverletzungen werden wir derartige Links umgehend entfernen.<\/p>\n\n\n\n<p><strong>Urheberrecht<\/strong><br>Die durch die Seitenbetreiber erstellten Inhalte und Werke auf diesen Seiten unterliegen dem deutschen Urheberrecht. Die Vervielf\u00e4ltigung, Bearbeitung, Verbreitung und jede Art der Verwertung au\u00dferhalb der Grenzen des Urheberrechtes bed\u00fcrfen der schriftlichen Zustimmung des jeweiligen Autors bzw. Erstellers. Downloads und Kopien dieser Seite sind nur f\u00fcr den privaten, nicht kommerziellen Gebrauch gestattet.<\/p>\n\n\n\n<p>Soweit die Inhalte auf dieser Seite nicht vom Betreiber erstellt wurden, werden die Urheberrechte Dritter beachtet. Insbesondere werden Inhalte Dritter als solche gekennzeichnet. Sollten Sie trotzdem auf eine Urheberrechtsverletzung aufmerksam werden, bitten wir um einen entsprechenden Hinweis. Bei Bekanntwerden von Rechtsverletzungen werden wir derartige Inhalte umgehend entfernen.<\/p>\n\n\n\n<p><strong>Bildrechte<\/strong><br>Diese Webseite verwendet unter anderem Bildmaterial von<br>\u00a9 <a href=\"https:\/\/www.containex.com\/de\/de\" target=\"_blank\" rel=\"noreferrer noopener nofollow\">CONTAINEX Container-Handelsgesellschaft m.b.H. \u2013 Wiener Neudorf, \u00d6sterreich<\/a><br>\u00a9 <a href=\"https:\/\/www.containernetwork.de\/\" target=\"_blank\" rel=\"noreferrer noopener nofollow\">Ambiente Raumsysteme GmbH, Montabaur<\/a><\/p>\n\n\n\n<p><strong>Konzeption und Realisierung der Webseite<\/strong><br>Maynert Online Marketing GmbH<br><a href=\"https:\/\/www.maynert.de\/\" target=\"_blank\" rel=\"noreferrer noopener\">https:\/\/www.maynert.de\/<\/a><\/p>\n\n\n\n<div style=\"height:100px\" aria-hidden=\"true\" class=\"wp-block-spacer\"><\/div>\n","protected":false},"excerpt":{"rendered":"<p>Impressum Baumann Container Raumsysteme Ernst-Robert-Curtius-Stra\u00dfe 4D-53117 Bonn Telefon: 0228 98 98 081 E-Mail: info@baumanncontainer.de Baumann Container RaumsystemeEin Gesch\u00e4ftsfeld der Baumann Logistik GmbH &amp; Co. KG Angaben gem\u00e4\u00df \u00a7 5 TMGBetreiber der WebsiteBaumann Logistik GmbH &amp; Co. KGChristian-Lassen-Stra\u00dfe 2D-53117 Bonn Vertreten durchBaumann Logistik GmbH &amp; Co. KG, vertreten durch die pers\u00f6nlich haftende Gesellschafterin, die Werner Baumann&hellip; <a href=\"https:\/\/baumannmodulbau.de\/impressum\/\">Weiterlesen<\/a><\/p>\n","protected":false},"author":3,"featured_media":0,"parent":0,"menu_order":14,"comment_status":"closed","ping_status":"closed","template":"","meta":{"_acf_changed":false,"footnotes":""},"class_list":["post-87","page","type-page","status-publish","hentry"],"acf":[],"featured_image_src":null,"yoast_head":"<!-- This site is optimized with the Yoast SEO plugin v27.4 - https:\/\/yoast.com\/product\/yoast-seo-wordpress\/ -->\n<title>Impressum | Baumann Modulbau<\/title>\n<meta name=\"description\" content=\"Impressum von Baumann Container Raumsysteme. Ein Gesch\u00e4ftsfeld der Baumann Logistik GmbH &amp; Co. KG\" \/>\n<meta name=\"robots\" content=\"index, follow, max-snippet:-1, max-image-preview:large, max-video-preview:-1\" \/>\n<link rel=\"canonical\" href=\"https:\/\/baumannmodulbau.de\/impressum\/\" \/>\n<meta property=\"og:locale\" content=\"de_DE\" \/>\n<meta property=\"og:type\" content=\"article\" \/>\n<meta property=\"og:title\" content=\"Impressum | Baumann Modulbau\" \/>\n<meta property=\"og:description\" content=\"Impressum von Baumann Container Raumsysteme. Ein Gesch\u00e4ftsfeld der Baumann Logistik GmbH &amp; Co. KG\" \/>\n<meta property=\"og:url\" content=\"https:\/\/baumannmodulbau.de\/impressum\/\" \/>\n<meta property=\"og:site_name\" content=\"Baumann Modulbau\" \/>\n<meta property=\"article:publisher\" content=\"https:\/\/www.facebook.com\/baumanncontainerbonn\" \/>\n<meta property=\"article:modified_time\" content=\"2025-10-31T15:48:25+00:00\" \/>\n<meta name=\"twitter:card\" content=\"summary_large_image\" \/>\n<meta name=\"twitter:label1\" content=\"Gesch\u00e4tzte Lesezeit\" \/>\n\t<meta name=\"twitter:data1\" content=\"3\u00a0Minuten\" \/>\n<script type=\"application\/ld+json\" class=\"yoast-schema-graph\">{\"@context\":\"https:\\\/\\\/schema.org\",\"@graph\":[{\"@type\":\"WebPage\",\"@id\":\"https:\\\/\\\/baumannmodulbau.de\\\/impressum\\\/\",\"url\":\"https:\\\/\\\/baumannmodulbau.de\\\/impressum\\\/\",\"name\":\"Impressum | Baumann Modulbau\",\"isPartOf\":{\"@id\":\"https:\\\/\\\/baumannmodulbau.de\\\/#website\"},\"datePublished\":\"2022-03-03T00:22:57+00:00\",\"dateModified\":\"2025-10-31T15:48:25+00:00\",\"description\":\"Impressum von Baumann Container Raumsysteme. Ein Gesch\u00e4ftsfeld der Baumann Logistik GmbH & Co. KG\",\"breadcrumb\":{\"@id\":\"https:\\\/\\\/baumannmodulbau.de\\\/impressum\\\/#breadcrumb\"},\"inLanguage\":\"de\",\"potentialAction\":[{\"@type\":\"ReadAction\",\"target\":[\"https:\\\/\\\/baumannmodulbau.de\\\/impressum\\\/\"]}]},{\"@type\":\"BreadcrumbList\",\"@id\":\"https:\\\/\\\/baumannmodulbau.de\\\/impressum\\\/#breadcrumb\",\"itemListElement\":[{\"@type\":\"ListItem\",\"position\":1,\"name\":\"Startseite\",\"item\":\"https:\\\/\\\/baumannmodulbau.de\\\/\"},{\"@type\":\"ListItem\",\"position\":2,\"name\":\"Impressum\"}]},{\"@type\":\"WebSite\",\"@id\":\"https:\\\/\\\/baumannmodulbau.de\\\/#website\",\"url\":\"https:\\\/\\\/baumannmodulbau.de\\\/\",\"name\":\"Baumann Modulbau\",\"description\":\"Individuelle Modull\u00f6sungen nach Ma\u00df.\",\"inLanguage\":\"de\"}]}<\/script>\n<!-- \/ Yoast SEO plugin. -->","yoast_head_json":{"title":"Impressum | Baumann Modulbau","description":"Impressum von Baumann Container Raumsysteme. Ein Gesch\u00e4ftsfeld der Baumann Logistik GmbH & Co. KG","robots":{"index":"index","follow":"follow","max-snippet":"max-snippet:-1","max-image-preview":"max-image-preview:large","max-video-preview":"max-video-preview:-1"},"canonical":"https:\/\/baumannmodulbau.de\/impressum\/","og_locale":"de_DE","og_type":"article","og_title":"Impressum | Baumann Modulbau","og_description":"Impressum von Baumann Container Raumsysteme. Ein Gesch\u00e4ftsfeld der Baumann Logistik GmbH & Co. KG","og_url":"https:\/\/baumannmodulbau.de\/impressum\/","og_site_name":"Baumann Modulbau","article_publisher":"https:\/\/www.facebook.com\/baumanncontainerbonn","article_modified_time":"2025-10-31T15:48:25+00:00","twitter_card":"summary_large_image","twitter_misc":{"Gesch\u00e4tzte Lesezeit":"3\u00a0Minuten"},"schema":{"@context":"https:\/\/schema.org","@graph":[{"@type":"WebPage","@id":"https:\/\/baumannmodulbau.de\/impressum\/","url":"https:\/\/baumannmodulbau.de\/impressum\/","name":"Impressum | Baumann Modulbau","isPartOf":{"@id":"https:\/\/baumannmodulbau.de\/#website"},"datePublished":"2022-03-03T00:22:57+00:00","dateModified":"2025-10-31T15:48:25+00:00","description":"Impressum von Baumann Container Raumsysteme. Ein Gesch\u00e4ftsfeld der Baumann Logistik GmbH & Co. KG","breadcrumb":{"@id":"https:\/\/baumannmodulbau.de\/impressum\/#breadcrumb"},"inLanguage":"de","potentialAction":[{"@type":"ReadAction","target":["https:\/\/baumannmodulbau.de\/impressum\/"]}]},{"@type":"BreadcrumbList","@id":"https:\/\/baumannmodulbau.de\/impressum\/#breadcrumb","itemListElement":[{"@type":"ListItem","position":1,"name":"Startseite","item":"https:\/\/baumannmodulbau.de\/"},{"@type":"ListItem","position":2,"name":"Impressum"}]},{"@type":"WebSite","@id":"https:\/\/baumannmodulbau.de\/#website","url":"https:\/\/baumannmodulbau.de\/","name":"Baumann Modulbau","description":"Individuelle Modull\u00f6sungen nach Ma\u00df.","inLanguage":"de"}]}},"_links":{"self":[{"href":"https:\/\/baumannmodulbau.de\/wp\/wp-json\/wp\/v2\/pages\/87","targetHints":{"allow":["GET"]}}],"collection":[{"href":"https:\/\/baumannmodulbau.de\/wp\/wp-json\/wp\/v2\/pages"}],"about":[{"href":"https:\/\/baumannmodulbau.de\/wp\/wp-json\/wp\/v2\/types\/page"}],"author":[{"embeddable":true,"href":"https:\/\/baumannmodulbau.de\/wp\/wp-json\/wp\/v2\/users\/3"}],"replies":[{"embeddable":true,"href":"https:\/\/baumannmodulbau.de\/wp\/wp-json\/wp\/v2\/comments?post=87"}],"version-history":[{"count":19,"href":"https:\/\/baumannmodulbau.de\/wp\/wp-json\/wp\/v2\/pages\/87\/revisions"}],"predecessor-version":[{"id":933,"href":"https:\/\/baumannmodulbau.de\/wp\/wp-json\/wp\/v2\/pages\/87\/revisions\/933"}],"wp:attachment":[{"href":"https:\/\/baumannmodulbau.de\/wp\/wp-json\/wp\/v2\/media?parent=87"}],"curies":[{"name":"wp","href":"https:\/\/api.w.org\/{rel}","templated":true}]}}